{"id":187,"date":"2025-10-01T08:22:42","date_gmt":"2025-10-01T06:22:42","guid":{"rendered":"https:\/\/www.carbonne-autrement.fr\/campagne-2026\/?page_id=187"},"modified":"2025-10-01T08:43:20","modified_gmt":"2025-10-01T06:43:20","slug":"mentions-legales","status":"publish","type":"page","link":"https:\/\/www.carbonne-autrement.fr\/campagne-2026\/mentions-legales\/","title":{"rendered":"Mentions l\u00e9gales"},"content":{"rendered":"\n<h2 class=\"wp-block-heading\"><strong>\u00c9DITEUR<\/strong><\/h2>\n\n\n\n<p>Ce site est \u00e9dit\u00e9 par la liste Carbonne Autrement<br><br><strong>Structure :<\/strong><br>Association en cours d&rsquo;enregistrement<\/p>\n\n\n\n<p><br><strong>Directeur de publication :<\/strong><br>Bastien Ho, gestionnaire du site internet<\/p>\n\n\n\n<p><\/p>\n\n\n\n<h2 class=\"wp-block-heading\"><strong>DONN\u00c9ES PERSONNELLES<\/strong><\/h2>\n\n\n\n<p>Les informations recueillies par le biais des formulaires ne seront pas divulgu\u00e9es \u00e0 des personnes autres que les acteurs concern\u00e9s (collectivit\u00e9s et\/ou associations adh\u00e9rentes). Certaines des informations de ces formulaires sont facultatives, d\u2019autres obligatoires et clairement indiqu\u00e9es comme telles afin que les r\u00e9ponses soient suffisantes pour nous permettre de traiter l\u2019information.<\/p>\n\n\n\n<p>Conform\u00e9ment aux articles 39 et suivants de la loi n\u00b078-17 du 6 janvier 1978 modifie en 2004 relative \u00e0 l\u2019informatique, aux fichiers et aux libert\u00e9s, toute personne peut obtenir communication, et le cas \u00e9ch\u00e9ant, rectification ou suppression des informations la concernant en s\u2019adressant \u00e0 Carbonne Autrement.<br>Vous pouvez \u00e9galement pour des motifs l\u00e9gitimes vous opposer au traitement des donn\u00e9es vous concernant.<\/p>\n\n\n\n<p><strong>Pour toute demande de modification, consultation, ou suppression<\/strong>&nbsp;d\u2019informations vous concernant, vous pouvez envoyer vos messages dans la rubrique <a href=\"https:\/\/www.carbonne-autrement.fr\/campagne-2026\/contact\/\" data-type=\"page\" data-id=\"148\">Contact<\/a>, par email \u00e0 contact@carbonne-autrement.fr.<\/p>\n\n\n\n<h2 class=\"wp-block-heading\"><strong>H\u00c9BERGEMENT&nbsp;<\/strong><\/h2>\n\n\n\n<p>Ce site est h\u00e9berg\u00e9 par OVH .<\/p>\n\n\n\n<h2 class=\"wp-block-heading\"><strong>LICENCES<\/strong><\/h2>\n\n\n\n<p>Ce site utilise le CMS WordPress.<\/p>\n\n\n\n<p>Les polices de caract\u00e8re ou typos utilis\u00e9es sont libres de droits.<br>Le contenu des articles originaux (1) de ce site sont plac\u00e9s par d\u00e9faut sous la licence \u00ab&nbsp;creative commons by SA&nbsp;\u00bb<\/p>\n\n\n\n<p>Ils peuvent \u00eatre republi\u00e9s ou adapt\u00e9s, \u00e0 condition de citer l\u2019auteur et le site, et en reproduisant la licence.<\/p>\n\n\n\n<p>(1) Pour les autres documents republi\u00e9s sur le site se r\u00e9f\u00e9rer \u00e0 la licence de chaque document<\/p>\n\n\n\n<h2 class=\"wp-block-heading\" id=\"cookies\"><strong>UTILISATION DES COOKIES<\/strong><\/h2>\n\n\n\n<p>Lors de votre arriv\u00e9e sur notre site, vous \u00eates avis\u00e9s de l\u2019utilisation de Cookies gr\u00e2ce \u00e0 un bandeau d\u2019information d\u00e9di\u00e9. Vous \u00eates alors invit\u00e9 \u00e0 accepter l\u2019enregistrement de tous les Cookies int\u00e9gr\u00e9s sur nos pages visit\u00e9es, ou \u00e0 en savoir plus. Il est \u00e0 noter que le fait que vous poursuiviez votre navigation sur le site en cliquant sur n\u2019importe quel lien ou que vous fermiez le bandeau d\u2019information cookies vaut pour accord sur le d\u00e9p\u00f4t et la lecture de ceux-ci.<\/p>\n\n\n\n<p>Vous pouvez \u00e0 tout moment <a href=\"#cookiesAndContentPolicySettings\">r\u00e9viser vos pr\u00e9f\u00e9rences de cookies<\/a>.<\/p>\n\n\n\n<p>Le logiciel&nbsp;<strong><a href=\"https:\/\/matomo.org\/\" target=\"_blank\" rel=\"noreferrer noopener\">Matomo<\/a><\/strong>&nbsp;est utilis\u00e9 pour r\u00e9colter les statistiques de visites de fa\u00e7on anonyme.<\/p>\n\n\n\n<h2 class=\"wp-block-heading\"><strong>R\u00c9ALISATION<\/strong><\/h2>\n\n\n\n<p>Ce site a \u00e9t\u00e9 r\u00e9alis\u00e9 par nos soins.<\/p>\n","protected":false},"excerpt":{"rendered":"<p>\u00c9DITEUR Ce site est \u00e9dit\u00e9 par la liste Carbonne Autrement Structure :Association en cours d&rsquo;enregistrement Directeur de publication :Bastien Ho, gestionnaire du site internet DONN\u00c9ES PERSONNELLES Les informations recueillies par le biais des formulaires ne seront pas divulgu\u00e9es \u00e0 des personnes autres que les acteurs concern\u00e9s (collectivit\u00e9s et\/ou associations adh\u00e9rentes). Certaines des informations de ces [&hellip;]<\/p>\n","protected":false},"author":2,"featured_media":0,"parent":0,"menu_order":0,"comment_status":"closed","ping_status":"closed","template":"","meta":{"footnotes":""},"class_list":["post-187","page","type-page","status-publish","hentry"],"yoast_head":"<!-- This site is optimized with the Yoast SEO plugin v27.2 - https:\/\/yoast.com\/product\/yoast-seo-wordpress\/ -->\n<title>Mentions l\u00e9gales - Campagne municipales 2026<\/title>\n<meta name=\"robots\" content=\"index, follow, max-snippet:-1, max-image-preview:large, max-video-preview:-1\" \/>\n<link rel=\"canonical\" href=\"https:\/\/www.carbonne-autrement.fr\/campagne-2026\/mentions-legales\/\" \/>\n<meta property=\"og:locale\" content=\"fr_FR\" \/>\n<meta property=\"og:type\" content=\"article\" \/>\n<meta property=\"og:title\" content=\"Mentions l\u00e9gales - Campagne municipales 2026\" \/>\n<meta property=\"og:description\" content=\"\u00c9DITEUR Ce site est \u00e9dit\u00e9 par la liste Carbonne Autrement Structure :Association en cours d&rsquo;enregistrement Directeur de publication :Bastien Ho, gestionnaire du site internet DONN\u00c9ES PERSONNELLES Les informations recueillies par le biais des formulaires ne seront pas divulgu\u00e9es \u00e0 des personnes autres que les acteurs concern\u00e9s (collectivit\u00e9s et\/ou associations adh\u00e9rentes). Certaines des informations de ces [&hellip;]\" \/>\n<meta property=\"og:url\" content=\"https:\/\/www.carbonne-autrement.fr\/campagne-2026\/mentions-legales\/\" \/>\n<meta property=\"og:site_name\" content=\"Campagne municipales 2026\" \/>\n<meta property=\"article:modified_time\" content=\"2025-10-01T06:43:20+00:00\" \/>\n<meta name=\"twitter:card\" content=\"summary_large_image\" \/>\n<meta name=\"twitter:label1\" content=\"Dur\u00e9e de lecture estim\u00e9e\" \/>\n\t<meta name=\"twitter:data1\" content=\"2 minutes\" \/>\n<script type=\"application\/ld+json\" class=\"yoast-schema-graph\">{\"@context\":\"https:\/\/schema.org\",\"@graph\":[{\"@type\":\"WebPage\",\"@id\":\"https:\/\/www.carbonne-autrement.fr\/campagne-2026\/mentions-legales\/\",\"url\":\"https:\/\/www.carbonne-autrement.fr\/campagne-2026\/mentions-legales\/\",\"name\":\"Mentions l\u00e9gales - Campagne municipales 2026\",\"isPartOf\":{\"@id\":\"https:\/\/www.carbonne-autrement.fr\/campagne-2026\/#website\"},\"datePublished\":\"2025-10-01T06:22:42+00:00\",\"dateModified\":\"2025-10-01T06:43:20+00:00\",\"breadcrumb\":{\"@id\":\"https:\/\/www.carbonne-autrement.fr\/campagne-2026\/mentions-legales\/#breadcrumb\"},\"inLanguage\":\"fr-FR\",\"potentialAction\":[{\"@type\":\"ReadAction\",\"target\":[\"https:\/\/www.carbonne-autrement.fr\/campagne-2026\/mentions-legales\/\"]}]},{\"@type\":\"BreadcrumbList\",\"@id\":\"https:\/\/www.carbonne-autrement.fr\/campagne-2026\/mentions-legales\/#breadcrumb\",\"itemListElement\":[{\"@type\":\"ListItem\",\"position\":1,\"name\":\"Accueil\",\"item\":\"https:\/\/www.carbonne-autrement.fr\/campagne-2026\/\"},{\"@type\":\"ListItem\",\"position\":2,\"name\":\"Mentions l\u00e9gales\"}]},{\"@type\":\"WebSite\",\"@id\":\"https:\/\/www.carbonne-autrement.fr\/campagne-2026\/#website\",\"url\":\"https:\/\/www.carbonne-autrement.fr\/campagne-2026\/\",\"name\":\"Campagne municipales 2026\",\"description\":\"Liste citoyenne sans \u00e9tiquette politique\",\"publisher\":{\"@id\":\"https:\/\/www.carbonne-autrement.fr\/campagne-2026\/#organization\"},\"potentialAction\":[{\"@type\":\"SearchAction\",\"target\":{\"@type\":\"EntryPoint\",\"urlTemplate\":\"https:\/\/www.carbonne-autrement.fr\/campagne-2026\/?s={search_term_string}\"},\"query-input\":{\"@type\":\"PropertyValueSpecification\",\"valueRequired\":true,\"valueName\":\"search_term_string\"}}],\"inLanguage\":\"fr-FR\"},{\"@type\":\"Organization\",\"@id\":\"https:\/\/www.carbonne-autrement.fr\/campagne-2026\/#organization\",\"name\":\"Campagne municipales 2026\",\"url\":\"https:\/\/www.carbonne-autrement.fr\/campagne-2026\/\",\"logo\":{\"@type\":\"ImageObject\",\"inLanguage\":\"fr-FR\",\"@id\":\"https:\/\/www.carbonne-autrement.fr\/campagne-2026\/#\/schema\/logo\/image\/\",\"url\":\"https:\/\/www.carbonne-autrement.fr\/campagne-2026\/wp-content\/uploads\/sites\/2\/2025\/09\/carbonne-autrement-transparence.png\",\"contentUrl\":\"https:\/\/www.carbonne-autrement.fr\/campagne-2026\/wp-content\/uploads\/sites\/2\/2025\/09\/carbonne-autrement-transparence.png\",\"width\":1200,\"height\":349,\"caption\":\"Campagne municipales 2026\"},\"image\":{\"@id\":\"https:\/\/www.carbonne-autrement.fr\/campagne-2026\/#\/schema\/logo\/image\/\"}}]}<\/script>\n<!-- \/ Yoast SEO plugin. -->","yoast_head_json":{"title":"Mentions l\u00e9gales - Campagne municipales 2026","robots":{"index":"index","follow":"follow","max-snippet":"max-snippet:-1","max-image-preview":"max-image-preview:large","max-video-preview":"max-video-preview:-1"},"canonical":"https:\/\/www.carbonne-autrement.fr\/campagne-2026\/mentions-legales\/","og_locale":"fr_FR","og_type":"article","og_title":"Mentions l\u00e9gales - Campagne municipales 2026","og_description":"\u00c9DITEUR Ce site est \u00e9dit\u00e9 par la liste Carbonne Autrement Structure :Association en cours d&rsquo;enregistrement Directeur de publication :Bastien Ho, gestionnaire du site internet DONN\u00c9ES PERSONNELLES Les informations recueillies par le biais des formulaires ne seront pas divulgu\u00e9es \u00e0 des personnes autres que les acteurs concern\u00e9s (collectivit\u00e9s et\/ou associations adh\u00e9rentes). Certaines des informations de ces [&hellip;]","og_url":"https:\/\/www.carbonne-autrement.fr\/campagne-2026\/mentions-legales\/","og_site_name":"Campagne municipales 2026","article_modified_time":"2025-10-01T06:43:20+00:00","twitter_card":"summary_large_image","twitter_misc":{"Dur\u00e9e de lecture estim\u00e9e":"2 minutes"},"schema":{"@context":"https:\/\/schema.org","@graph":[{"@type":"WebPage","@id":"https:\/\/www.carbonne-autrement.fr\/campagne-2026\/mentions-legales\/","url":"https:\/\/www.carbonne-autrement.fr\/campagne-2026\/mentions-legales\/","name":"Mentions l\u00e9gales - Campagne municipales 2026","isPartOf":{"@id":"https:\/\/www.carbonne-autrement.fr\/campagne-2026\/#website"},"datePublished":"2025-10-01T06:22:42+00:00","dateModified":"2025-10-01T06:43:20+00:00","breadcrumb":{"@id":"https:\/\/www.carbonne-autrement.fr\/campagne-2026\/mentions-legales\/#breadcrumb"},"inLanguage":"fr-FR","potentialAction":[{"@type":"ReadAction","target":["https:\/\/www.carbonne-autrement.fr\/campagne-2026\/mentions-legales\/"]}]},{"@type":"BreadcrumbList","@id":"https:\/\/www.carbonne-autrement.fr\/campagne-2026\/mentions-legales\/#breadcrumb","itemListElement":[{"@type":"ListItem","position":1,"name":"Accueil","item":"https:\/\/www.carbonne-autrement.fr\/campagne-2026\/"},{"@type":"ListItem","position":2,"name":"Mentions l\u00e9gales"}]},{"@type":"WebSite","@id":"https:\/\/www.carbonne-autrement.fr\/campagne-2026\/#website","url":"https:\/\/www.carbonne-autrement.fr\/campagne-2026\/","name":"Campagne municipales 2026","description":"Liste citoyenne sans \u00e9tiquette politique","publisher":{"@id":"https:\/\/www.carbonne-autrement.fr\/campagne-2026\/#organization"},"potentialAction":[{"@type":"SearchAction","target":{"@type":"EntryPoint","urlTemplate":"https:\/\/www.carbonne-autrement.fr\/campagne-2026\/?s={search_term_string}"},"query-input":{"@type":"PropertyValueSpecification","valueRequired":true,"valueName":"search_term_string"}}],"inLanguage":"fr-FR"},{"@type":"Organization","@id":"https:\/\/www.carbonne-autrement.fr\/campagne-2026\/#organization","name":"Campagne municipales 2026","url":"https:\/\/www.carbonne-autrement.fr\/campagne-2026\/","logo":{"@type":"ImageObject","inLanguage":"fr-FR","@id":"https:\/\/www.carbonne-autrement.fr\/campagne-2026\/#\/schema\/logo\/image\/","url":"https:\/\/www.carbonne-autrement.fr\/campagne-2026\/wp-content\/uploads\/sites\/2\/2025\/09\/carbonne-autrement-transparence.png","contentUrl":"https:\/\/www.carbonne-autrement.fr\/campagne-2026\/wp-content\/uploads\/sites\/2\/2025\/09\/carbonne-autrement-transparence.png","width":1200,"height":349,"caption":"Campagne municipales 2026"},"image":{"@id":"https:\/\/www.carbonne-autrement.fr\/campagne-2026\/#\/schema\/logo\/image\/"}}]}},"_links":{"self":[{"href":"https:\/\/www.carbonne-autrement.fr\/campagne-2026\/wp-json\/wp\/v2\/pages\/187","targetHints":{"allow":["GET"]}}],"collection":[{"href":"https:\/\/www.carbonne-autrement.fr\/campagne-2026\/wp-json\/wp\/v2\/pages"}],"about":[{"href":"https:\/\/www.carbonne-autrement.fr\/campagne-2026\/wp-json\/wp\/v2\/types\/page"}],"author":[{"embeddable":true,"href":"https:\/\/www.carbonne-autrement.fr\/campagne-2026\/wp-json\/wp\/v2\/users\/2"}],"replies":[{"embeddable":true,"href":"https:\/\/www.carbonne-autrement.fr\/campagne-2026\/wp-json\/wp\/v2\/comments?post=187"}],"version-history":[{"count":3,"href":"https:\/\/www.carbonne-autrement.fr\/campagne-2026\/wp-json\/wp\/v2\/pages\/187\/revisions"}],"predecessor-version":[{"id":195,"href":"https:\/\/www.carbonne-autrement.fr\/campagne-2026\/wp-json\/wp\/v2\/pages\/187\/revisions\/195"}],"wp:attachment":[{"href":"https:\/\/www.carbonne-autrement.fr\/campagne-2026\/wp-json\/wp\/v2\/media?parent=187"}],"curies":[{"name":"wp","href":"https:\/\/api.w.org\/{rel}","templated":true}]}}